{"id":77,"date":"2025-05-21T12:05:11","date_gmt":"2025-05-21T10:05:11","guid":{"rendered":"https:\/\/www.assoline.shop\/modele-boutique\/?post_type=product&#038;p=77"},"modified":"2025-08-08T08:38:30","modified_gmt":"2025-08-08T06:38:30","slug":"sweat-adulte","status":"publish","type":"product","link":"https:\/\/www.assoline.shop\/judo-club-mandallaz\/produit\/sweat-adulte\/","title":{"rendered":"Sweat Adulte"},"content":{"rendered":"","protected":false},"excerpt":{"rendered":"<p>Sweat capuche en coton biologique\u00a0&#8211; Ext\u00e9rieur en 100% coton organique. Capuche doubl\u00e9e. Poche kangourou. Int\u00e9rieur gratt\u00e9. 280g<\/p>\n","protected":false},"featured_media":1270,"template":"","meta":{"_acf_changed":false},"product_brand":[],"product_cat":[19],"product_tag":[],"class_list":{"0":"post-77","1":"product","2":"type-product","3":"status-publish","4":"has-post-thumbnail","6":"product_cat-sweats","8":"first","9":"instock","10":"featured","11":"taxable","12":"shipping-taxable","13":"purchasable","14":"product-type-variable"},"acf":[],"_links":{"self":[{"href":"https:\/\/www.assoline.shop\/judo-club-mandallaz\/wp-json\/wp\/v2\/product\/77","targetHints":{"allow":["GET"]}}],"collection":[{"href":"https:\/\/www.assoline.shop\/judo-club-mandallaz\/wp-json\/wp\/v2\/product"}],"about":[{"href":"https:\/\/www.assoline.shop\/judo-club-mandallaz\/wp-json\/wp\/v2\/types\/product"}],"wp:featuredmedia":[{"embeddable":true,"href":"https:\/\/www.assoline.shop\/judo-club-mandallaz\/wp-json\/wp\/v2\/media\/1270"}],"wp:attachment":[{"href":"https:\/\/www.assoline.shop\/judo-club-mandallaz\/wp-json\/wp\/v2\/media?parent=77"}],"wp:term":[{"taxonomy":"product_brand","embeddable":true,"href":"https:\/\/www.assoline.shop\/judo-club-mandallaz\/wp-json\/wp\/v2\/product_brand?post=77"},{"taxonomy":"product_cat","embeddable":true,"href":"https:\/\/www.assoline.shop\/judo-club-mandallaz\/wp-json\/wp\/v2\/product_cat?post=77"},{"taxonomy":"product_tag","embeddable":true,"href":"https:\/\/www.assoline.shop\/judo-club-mandallaz\/wp-json\/wp\/v2\/product_tag?post=77"}],"curies":[{"name":"wp","href":"https:\/\/api.w.org\/{rel}","templated":true}]}}