{"id":437,"date":"2025-05-23T18:52:05","date_gmt":"2025-05-23T16:52:05","guid":{"rendered":"https:\/\/www.assoline.shop\/modele-boutique\/?post_type=product&#038;p=437"},"modified":"2025-07-31T11:48:38","modified_gmt":"2025-07-31T09:48:38","slug":"veste-softshell-enfant","status":"publish","type":"product","link":"https:\/\/www.assoline.shop\/judo-club-mandallaz\/produit\/veste-softshell-enfant\/","title":{"rendered":"Veste Softshell Enfant"},"content":{"rendered":"","protected":false},"excerpt":{"rendered":"<p>Softshell 2 couches &#8211; Zip invers\u00e9. Manches mont\u00e9es. 2 poches int\u00e9rieures en filet. 2 poches zipp\u00e9es sur les c\u00f4t\u00e9s. Protection menton. 300g<\/p>\n","protected":false},"featured_media":1263,"template":"","meta":{"_acf_changed":false},"product_brand":[],"product_cat":[18],"product_tag":[],"class_list":{"0":"post-437","1":"product","2":"type-product","3":"status-publish","4":"has-post-thumbnail","6":"product_cat-vestes","8":"first","9":"instock","10":"featured","11":"taxable","12":"shipping-taxable","13":"purchasable","14":"product-type-variable"},"acf":[],"_links":{"self":[{"href":"https:\/\/www.assoline.shop\/judo-club-mandallaz\/wp-json\/wp\/v2\/product\/437","targetHints":{"allow":["GET"]}}],"collection":[{"href":"https:\/\/www.assoline.shop\/judo-club-mandallaz\/wp-json\/wp\/v2\/product"}],"about":[{"href":"https:\/\/www.assoline.shop\/judo-club-mandallaz\/wp-json\/wp\/v2\/types\/product"}],"wp:featuredmedia":[{"embeddable":true,"href":"https:\/\/www.assoline.shop\/judo-club-mandallaz\/wp-json\/wp\/v2\/media\/1263"}],"wp:attachment":[{"href":"https:\/\/www.assoline.shop\/judo-club-mandallaz\/wp-json\/wp\/v2\/media?parent=437"}],"wp:term":[{"taxonomy":"product_brand","embeddable":true,"href":"https:\/\/www.assoline.shop\/judo-club-mandallaz\/wp-json\/wp\/v2\/product_brand?post=437"},{"taxonomy":"product_cat","embeddable":true,"href":"https:\/\/www.assoline.shop\/judo-club-mandallaz\/wp-json\/wp\/v2\/product_cat?post=437"},{"taxonomy":"product_tag","embeddable":true,"href":"https:\/\/www.assoline.shop\/judo-club-mandallaz\/wp-json\/wp\/v2\/product_tag?post=437"}],"curies":[{"name":"wp","href":"https:\/\/api.w.org\/{rel}","templated":true}]}}