{"id":1356,"date":"2025-07-22T16:58:23","date_gmt":"2025-07-22T14:58:23","guid":{"rendered":"https:\/\/www.assoline.shop\/judo-club-mandallaz\/?post_type=product&#038;p=1356"},"modified":"2025-08-08T08:45:23","modified_gmt":"2025-08-08T06:45:23","slug":"sweat-enfant","status":"publish","type":"product","link":"https:\/\/www.assoline.shop\/judo-club-mandallaz\/produit\/sweat-enfant\/","title":{"rendered":"Sweat Enfant"},"content":{"rendered":"","protected":false},"excerpt":{"rendered":"<p>Sweat capuche en coton biologique\u00a0&#8211; Ext\u00e9rieur en 100% coton organique. Capuche doubl\u00e9e. Poche kangourou. Int\u00e9rieur gratt\u00e9. 280g<\/p>\n","protected":false},"featured_media":1271,"template":"","meta":{"_acf_changed":false},"product_brand":[],"product_cat":[19],"product_tag":[],"class_list":{"0":"post-1356","1":"product","2":"type-product","3":"status-publish","4":"has-post-thumbnail","6":"product_cat-sweats","8":"first","9":"instock","10":"taxable","11":"shipping-taxable","12":"purchasable","13":"product-type-variable"},"acf":[],"_links":{"self":[{"href":"https:\/\/www.assoline.shop\/judo-club-mandallaz\/wp-json\/wp\/v2\/product\/1356","targetHints":{"allow":["GET"]}}],"collection":[{"href":"https:\/\/www.assoline.shop\/judo-club-mandallaz\/wp-json\/wp\/v2\/product"}],"about":[{"href":"https:\/\/www.assoline.shop\/judo-club-mandallaz\/wp-json\/wp\/v2\/types\/product"}],"wp:featuredmedia":[{"embeddable":true,"href":"https:\/\/www.assoline.shop\/judo-club-mandallaz\/wp-json\/wp\/v2\/media\/1271"}],"wp:attachment":[{"href":"https:\/\/www.assoline.shop\/judo-club-mandallaz\/wp-json\/wp\/v2\/media?parent=1356"}],"wp:term":[{"taxonomy":"product_brand","embeddable":true,"href":"https:\/\/www.assoline.shop\/judo-club-mandallaz\/wp-json\/wp\/v2\/product_brand?post=1356"},{"taxonomy":"product_cat","embeddable":true,"href":"https:\/\/www.assoline.shop\/judo-club-mandallaz\/wp-json\/wp\/v2\/product_cat?post=1356"},{"taxonomy":"product_tag","embeddable":true,"href":"https:\/\/www.assoline.shop\/judo-club-mandallaz\/wp-json\/wp\/v2\/product_tag?post=1356"}],"curies":[{"name":"wp","href":"https:\/\/api.w.org\/{rel}","templated":true}]}}