{"id":1067,"date":"2025-07-15T19:12:08","date_gmt":"2025-07-15T17:12:08","guid":{"rendered":"https:\/\/www.assoline.shop\/judo-club-mandallaz\/?post_type=product&#038;p=1067"},"modified":"2025-08-08T08:44:56","modified_gmt":"2025-08-08T06:44:56","slug":"tshirt-unisexe-adulte","status":"publish","type":"product","link":"https:\/\/www.assoline.shop\/judo-club-mandallaz\/produit\/tshirt-unisexe-adulte\/","title":{"rendered":"T-shirt Unisexe Adulte &#8211; 4 coloris"},"content":{"rendered":"","protected":false},"excerpt":{"rendered":"<div>Tee-shirt col rond 190 &#8211; Tee-shirt tubulaire manches courtes basique et moderne, au look contemporain.<\/div>\n<div>100% coton pr\u00e9-r\u00e9tr\u00e9ci \u00e0 fil de cha\u00eene continu Ringspun (Better Cotton).\u00a0 \u00a0185g<\/div>\n","protected":false},"featured_media":1371,"template":"","meta":{"_acf_changed":false},"product_brand":[],"product_cat":[17],"product_tag":[],"class_list":{"0":"post-1067","1":"product","2":"type-product","3":"status-publish","4":"has-post-thumbnail","6":"product_cat-t-shirts","8":"first","9":"instock","10":"taxable","11":"shipping-taxable","12":"purchasable","13":"product-type-variable"},"acf":[],"_links":{"self":[{"href":"https:\/\/www.assoline.shop\/judo-club-mandallaz\/wp-json\/wp\/v2\/product\/1067","targetHints":{"allow":["GET"]}}],"collection":[{"href":"https:\/\/www.assoline.shop\/judo-club-mandallaz\/wp-json\/wp\/v2\/product"}],"about":[{"href":"https:\/\/www.assoline.shop\/judo-club-mandallaz\/wp-json\/wp\/v2\/types\/product"}],"wp:featuredmedia":[{"embeddable":true,"href":"https:\/\/www.assoline.shop\/judo-club-mandallaz\/wp-json\/wp\/v2\/media\/1371"}],"wp:attachment":[{"href":"https:\/\/www.assoline.shop\/judo-club-mandallaz\/wp-json\/wp\/v2\/media?parent=1067"}],"wp:term":[{"taxonomy":"product_brand","embeddable":true,"href":"https:\/\/www.assoline.shop\/judo-club-mandallaz\/wp-json\/wp\/v2\/product_brand?post=1067"},{"taxonomy":"product_cat","embeddable":true,"href":"https:\/\/www.assoline.shop\/judo-club-mandallaz\/wp-json\/wp\/v2\/product_cat?post=1067"},{"taxonomy":"product_tag","embeddable":true,"href":"https:\/\/www.assoline.shop\/judo-club-mandallaz\/wp-json\/wp\/v2\/product_tag?post=1067"}],"curies":[{"name":"wp","href":"https:\/\/api.w.org\/{rel}","templated":true}]}}